{"id":2708,"date":"2020-09-08T21:18:07","date_gmt":"2020-09-08T21:18:07","guid":{"rendered":"https:\/\/yeson17.vote\/?page_id=2708"},"modified":"2020-09-30T18:17:12","modified_gmt":"2020-09-30T18:17:12","slug":"lea-la-iniciativa","status":"publish","type":"page","link":"https:\/\/traceygeronimo.com\/yo17\/es\/lea-la-iniciativa\/","title":{"rendered":"Lea la iniciativa"},"content":{"rendered":"<style>#kt-layout-id_f56c52-3e > .kt-row-column-wrap{align-content:start;}:where(#kt-layout-id_f56c52-3e > .kt-row-column-wrap) > .wp-block-kadence-column{justify-content:start;}#kt-layout-id_f56c52-3e > .kt-row-column-wrap{column-gap:var(--global-kb-gap-md, 2rem);row-gap:var(--global-kb-gap-md, 2rem);padding-top:var( --global-kb-row-default-top, 25px );padding-bottom:var( --global-kb-row-default-bottom, 25px );padding-top:var(--global-kb-spacing-sm, 1.5rem);padding-bottom:var(--global-kb-spacing-sm, 1.5rem);grid-template-columns:minmax(0, 1fr);}#kt-layout-id_f56c52-3e{background-image:url('https:\/\/traceygeronimo.com\/yo17\/wp-content\/uploads\/2020\/08\/read-purple.jpg');background-size:cover;background-position:center center;background-attachment:fixed;background-repeat:no-repeat;}#kt-layout-id_f56c52-3e > .kt-row-layout-overlay{opacity:0.45;mix-blend-mode:color;}#kt-layout-id_f56c52-3e .kt-row-layout-bottom-sep{height:100px;}#kt-layout-id_f56c52-3e .kt-row-layout-bottom-sep svg{width:100%;}#kt-layout-id_f56c52-3e .kt-row-layout-bottom-sep svg{fill:#ffffff!important;}@media all and (max-width: 1024px), only screen and (min-device-width: 1024px) and (max-device-width: 1366px) and (-webkit-min-device-pixel-ratio: 2) and (orientation: landscape) and (hover: none){#kt-layout-id_f56c52-3e{background-attachment:scroll;}}@media all and (max-width: 1024px){#kt-layout-id_f56c52-3e > .kt-row-column-wrap{grid-template-columns:minmax(0, 1fr);}}@media all and (max-width: 1024px){#kt-layout-id_f56c52-3e .kt-row-layout-bottom-sep{height:px;}}@media all and (max-width: 1024px){#kt-layout-id_f56c52-3e .kt-row-layout-bottom-sep svg{width:%;}}@media all and (max-width: 767px){#kt-layout-id_f56c52-3e > .kt-row-column-wrap{grid-template-columns:minmax(0, 1fr);}#kt-layout-id_f56c52-3e .kt-row-layout-bottom-sep{height:px;}#kt-layout-id_f56c52-3e .kt-row-layout-bottom-sep svg{width:%;}#kt-layout-id_f56c52-3e{display:none !important;}}<\/style>\n<div class=\"wp-block-kadence-rowlayout alignfull kvs-sm-false homerow\"><div id=\"kt-layout-id_f56c52-3e\" class=\"kt-row-layout-inner kt-row-has-bg kt-layout-id_f56c52-3e\"><div class=\"kt-row-column-wrap kt-has-1-columns kt-gutter-default kt-v-gutter-default kt-row-valign-top kt-row-layout-equal kt-tab-layout-inherit kt-m-colapse-left-to-right kt-mobile-layout-row\"><style>.kadence-column_645019-35 > .kt-inside-inner-col{border-top-width:0px;border-right-width:0px;border-bottom-width:0px;border-left-width:0px;}.kadence-column_645019-35 > .kt-inside-inner-col,.kadence-column_645019-35 > .kt-inside-inner-col:before{border-top-left-radius:0px;border-top-right-radius:0px;border-bottom-right-radius:0px;border-bottom-left-radius:0px;}.kadence-column_645019-35 > .kt-inside-inner-col{column-gap:var(--global-kb-gap-sm, 1rem);}.kadence-column_645019-35 > .kt-inside-inner-col{flex-direction:column;}.kadence-column_645019-35 > .kt-inside-inner-col > .aligncenter{width:100%;}.kadence-column_645019-35 > .kt-inside-inner-col:before{opacity:0.3;}.kadence-column_645019-35{position:relative;}@media all and (max-width: 1024px){.kadence-column_645019-35 > .kt-inside-inner-col{flex-direction:column;}}@media all and (max-width: 767px){.kadence-column_645019-35 > .kt-inside-inner-col{flex-direction:column;}}<\/style>\n<div class=\"wp-block-kadence-column inner-column-1 kadence-column_645019-35\"><div class=\"kt-inside-inner-col\"><style>#kt-layout-id_94adda-08 > .kt-row-column-wrap{align-content:start;}:where(#kt-layout-id_94adda-08 > .kt-row-column-wrap) > .wp-block-kadence-column{justify-content:start;}#kt-layout-id_94adda-08 > .kt-row-column-wrap{column-gap:var(--global-kb-gap-md, 2rem);row-gap:var(--global-kb-gap-md, 2rem);max-width:1200px;margin-left:auto;margin-right:auto;padding-top:var( --global-kb-row-default-top, 25px );padding-bottom:var( --global-kb-row-default-bottom, 25px );padding-top:var(--global-kb-spacing-sm, 1.5rem);padding-bottom:var(--global-kb-spacing-sm, 1.5rem);min-height:600px;grid-template-columns:minmax(0, calc(70% - ((var(--global-kb-gap-md, 2rem) * 1 )\/2))) minmax(0, calc(30% - ((var(--global-kb-gap-md, 2rem) * 1 )\/2)));}#kt-layout-id_94adda-08 > .kt-row-layout-overlay{opacity:0.30;}@media all and (max-width: 1024px){#kt-layout-id_94adda-08 > .kt-row-column-wrap{grid-template-columns:repeat(2, minmax(0, 1fr));}}@media all and (max-width: 767px){#kt-layout-id_94adda-08 > .kt-row-column-wrap{grid-template-columns:minmax(0, 1fr);}}<\/style>\n<div class=\"wp-block-kadence-rowlayout alignnone\"><div id=\"kt-layout-id_94adda-08\" class=\"kt-row-layout-inner kt-layout-id_94adda-08\"><div class=\"kt-row-column-wrap kt-has-2-columns kt-gutter-default kt-v-gutter-default kt-row-valign-top kt-row-layout-equal kt-tab-layout-inherit kt-m-colapse-left-to-right kt-mobile-layout-row  kt-custom-first-width-70  kt-custom-second-width-30\"><style>.kadence-column_314aaf-87 > .kt-inside-inner-col{border-top-width:0px;border-right-width:0px;border-bottom-width:0px;border-left-width:0px;}.kadence-column_314aaf-87 > .kt-inside-inner-col,.kadence-column_314aaf-87 > .kt-inside-inner-col:before{border-top-left-radius:0px;border-top-right-radius:0px;border-bottom-right-radius:0px;border-bottom-left-radius:0px;}.kadence-column_314aaf-87 > .kt-inside-inner-col{column-gap:var(--global-kb-gap-sm, 1rem);}.kadence-column_314aaf-87 > .kt-inside-inner-col{flex-direction:column;}.kadence-column_314aaf-87 > .kt-inside-inner-col > .aligncenter{width:100%;}.kadence-column_314aaf-87 > .kt-inside-inner-col:before{opacity:0.3;}.kadence-column_314aaf-87{position:relative;}@media all and (max-width: 1024px){.kadence-column_314aaf-87 > .kt-inside-inner-col{flex-direction:column;}}@media all and (max-width: 767px){.kadence-column_314aaf-87 > .kt-inside-inner-col{flex-direction:column;}}<\/style>\n<div class=\"wp-block-kadence-column inner-column-1 kadence-column_314aaf-87 leading-image-column\"><div class=\"kt-inside-inner-col\"><style>.wp-block-kadence-advancedheading.kt-adv-heading_67cfe7-cd, .wp-block-kadence-advancedheading.kt-adv-heading_67cfe7-cd[data-kb-block=\"kb-adv-heading_67cfe7-cd\"]{font-size:1.5em;font-style:normal;}.wp-block-kadence-advancedheading.kt-adv-heading_67cfe7-cd mark, .wp-block-kadence-advancedheading.kt-adv-heading_67cfe7-cd[data-kb-block=\"kb-adv-heading_67cfe7-cd\"] mark{font-size:2em;font-style:normal;color:#9545c8;background:#ffffff;padding-top:12px;padding-right:12px;padding-bottom:12px;padding-left:12px;}@media all and (max-width: 1024px){.wp-block-kadence-advancedheading.kt-adv-heading_67cfe7-cd, .wp-block-kadence-advancedheading.kt-adv-heading_67cfe7-cd[data-kb-block=\"kb-adv-heading_67cfe7-cd\"]{text-align:left!important;}}@media all and (max-width: 767px){.wp-block-kadence-advancedheading.kt-adv-heading_67cfe7-cd, .wp-block-kadence-advancedheading.kt-adv-heading_67cfe7-cd[data-kb-block=\"kb-adv-heading_67cfe7-cd\"]{text-align:center!important;}}<\/style>\n<h2 id=\"kt-adv-heading_67cfe7-cd\" class=\"kt-adv-heading_67cfe7-cd sr-right wp-block-kadence-advancedheading\"><mark class=\"kt-highlight\"><strong>LEA LA INICIATIVA<\/strong><\/mark><\/h2>\n\n\n\n<p><\/p>\n<\/div><\/div>\n\n\n<style>.kadence-column_b20770-80 > .kt-inside-inner-col{border-top-width:0px;border-right-width:0px;border-bottom-width:0px;border-left-width:0px;}.kadence-column_b20770-80 > .kt-inside-inner-col,.kadence-column_b20770-80 > .kt-inside-inner-col:before{border-top-left-radius:0px;border-top-right-radius:0px;border-bottom-right-radius:0px;border-bottom-left-radius:0px;}.kadence-column_b20770-80 > .kt-inside-inner-col{column-gap:var(--global-kb-gap-sm, 1rem);}.kadence-column_b20770-80 > .kt-inside-inner-col{flex-direction:column;}.kadence-column_b20770-80 > .kt-inside-inner-col > .aligncenter{width:100%;}.kadence-column_b20770-80 > .kt-inside-inner-col:before{opacity:0.3;}.kadence-column_b20770-80{position:relative;}@media all and (max-width: 1024px){.kadence-column_b20770-80 > .kt-inside-inner-col{flex-direction:column;}}@media all and (max-width: 767px){.kadence-column_b20770-80 > .kt-inside-inner-col{flex-direction:column;}}<\/style>\n<div class=\"wp-block-kadence-column inner-column-2 kadence-column_b20770-80\"><div class=\"kt-inside-inner-col\"><\/div><\/div>\n<\/div><\/div><\/div>\n\n\n\n<p><\/p>\n<\/div><\/div>\n<\/div><\/div><\/div>\n\n\n<style>#kt-layout-id_b5892c-59 > .kt-row-column-wrap{align-content:start;}:where(#kt-layout-id_b5892c-59 > .kt-row-column-wrap) > .wp-block-kadence-column{justify-content:start;}#kt-layout-id_b5892c-59 > .kt-row-column-wrap{column-gap:var(--global-kb-gap-md, 2rem);row-gap:var(--global-kb-gap-md, 2rem);padding-top:var( --global-kb-row-default-top, 25px );padding-bottom:var( --global-kb-row-default-bottom, 25px );padding-top:var(--global-kb-spacing-sm, 1.5rem);padding-bottom:var(--global-kb-spacing-sm, 1.5rem);grid-template-columns:minmax(0, 1fr);}#kt-layout-id_b5892c-59{background-color:#9545c8;}#kt-layout-id_b5892c-59 > .kt-row-layout-overlay{opacity:0.30;}@media all and (max-width: 1024px){#kt-layout-id_b5892c-59 > .kt-row-column-wrap{grid-template-columns:minmax(0, 1fr);}}@media all and (max-width: 767px){#kt-layout-id_b5892c-59 > .kt-row-column-wrap{grid-template-columns:minmax(0, 1fr);}}<\/style>\n<div class=\"wp-block-kadence-rowlayout alignfull\"><div id=\"kt-layout-id_b5892c-59\" class=\"kt-row-layout-inner kt-row-has-bg kt-layout-id_b5892c-59\"><div class=\"kt-row-column-wrap kt-has-1-columns kt-gutter-default kt-v-gutter-default kt-row-valign-top kt-row-layout-equal kt-tab-layout-inherit kt-m-colapse-left-to-right kt-mobile-layout-row\"><style>.kadence-column_2e861c-26 > .kt-inside-inner-col{border-top-width:0px;border-right-width:0px;border-bottom-width:0px;border-left-width:0px;}.kadence-column_2e861c-26 > .kt-inside-inner-col,.kadence-column_2e861c-26 > .kt-inside-inner-col:before{border-top-left-radius:0px;border-top-right-radius:0px;border-bottom-right-radius:0px;border-bottom-left-radius:0px;}.kadence-column_2e861c-26 > .kt-inside-inner-col{column-gap:var(--global-kb-gap-sm, 1rem);}.kadence-column_2e861c-26 > .kt-inside-inner-col{flex-direction:column;}.kadence-column_2e861c-26 > .kt-inside-inner-col > .aligncenter{width:100%;}.kadence-column_2e861c-26 > .kt-inside-inner-col:before{opacity:0.3;}.kadence-column_2e861c-26{position:relative;}@media all and (max-width: 1024px){.kadence-column_2e861c-26 > .kt-inside-inner-col{flex-direction:column;}}@media all and (max-width: 767px){.kadence-column_2e861c-26 > .kt-inside-inner-col{flex-direction:column;}}<\/style>\n<div class=\"wp-block-kadence-column inner-column-1 kadence-column_2e861c-26\"><div class=\"kt-inside-inner-col\"><style>#kt-layout-id_eabae0-68 > .kt-row-column-wrap{align-content:start;}:where(#kt-layout-id_eabae0-68 > .kt-row-column-wrap) > .wp-block-kadence-column{justify-content:start;}#kt-layout-id_eabae0-68 > .kt-row-column-wrap{column-gap:var(--global-kb-gap-md, 2rem);row-gap:var(--global-kb-gap-md, 2rem);max-width:900px;margin-left:auto;margin-right:auto;padding-top:var( --global-kb-row-default-top, 25px );padding-bottom:var( --global-kb-row-default-bottom, 25px );padding-top:var(--global-kb-spacing-sm, 1.5rem);padding-bottom:var(--global-kb-spacing-sm, 1.5rem);grid-template-columns:minmax(0, 1fr);}#kt-layout-id_eabae0-68 > .kt-row-layout-overlay{opacity:0.30;}@media all and (max-width: 1024px){#kt-layout-id_eabae0-68 > .kt-row-column-wrap{grid-template-columns:minmax(0, 1fr);}}@media all and (max-width: 767px){#kt-layout-id_eabae0-68 > .kt-row-column-wrap{grid-template-columns:minmax(0, 1fr);}}<\/style>\n<div class=\"wp-block-kadence-rowlayout alignnone\"><div id=\"kt-layout-id_eabae0-68\" class=\"kt-row-layout-inner kt-layout-id_eabae0-68\"><div class=\"kt-row-column-wrap kt-has-1-columns kt-gutter-default kt-v-gutter-default kt-row-valign-top kt-row-layout-equal kt-tab-layout-inherit kt-m-colapse-left-to-right kt-mobile-layout-row\"><style>.kadence-column_8cbd32-69 > .kt-inside-inner-col{border-top-width:0px;border-right-width:0px;border-bottom-width:0px;border-left-width:0px;}.kadence-column_8cbd32-69 > .kt-inside-inner-col,.kadence-column_8cbd32-69 > .kt-inside-inner-col:before{border-top-left-radius:0px;border-top-right-radius:0px;border-bottom-right-radius:0px;border-bottom-left-radius:0px;}.kadence-column_8cbd32-69 > .kt-inside-inner-col{column-gap:var(--global-kb-gap-sm, 1rem);}.kadence-column_8cbd32-69 > .kt-inside-inner-col{flex-direction:column;}.kadence-column_8cbd32-69 > .kt-inside-inner-col > .aligncenter{width:100%;}.kadence-column_8cbd32-69 > .kt-inside-inner-col:before{opacity:0.3;}.kadence-column_8cbd32-69{position:relative;}@media all and (max-width: 1024px){.kadence-column_8cbd32-69 > .kt-inside-inner-col{flex-direction:column;}}@media all and (max-width: 767px){.kadence-column_8cbd32-69 > .kt-inside-inner-col{flex-direction:column;}}<\/style>\n<div class=\"wp-block-kadence-column inner-column-1 kadence-column_8cbd32-69\"><div class=\"kt-inside-inner-col\"><style>.wp-block-kadence-advancedheading.kt-adv-heading_4e34a9-d7, .wp-block-kadence-advancedheading.kt-adv-heading_4e34a9-d7[data-kb-block=\"kb-adv-heading_4e34a9-d7\"]{text-align:center;font-style:normal;}.wp-block-kadence-advancedheading.kt-adv-heading_4e34a9-d7 mark, .wp-block-kadence-advancedheading.kt-adv-heading_4e34a9-d7[data-kb-block=\"kb-adv-heading_4e34a9-d7\"] mark{font-style:normal;color:#f76a0c;padding-top:0px;padding-right:0px;padding-bottom:0px;padding-left:0px;}<\/style>\n<h2 id=\"kt-adv-heading_4e34a9-d7\" class=\"kt-adv-heading_4e34a9-d7 wp-block-kadence-advancedheading has-white-color\" style=\"text-align:center\">Haga <a href=\"https:\/\/traceygeronimo.com\/yo17\/wp-content\/uploads\/2020\/09\/Prop-17-Official-Voter-Information-Guide-California-General-Election.pdf\" target=\"_blank\" rel=\"noreferrer noopener\">clic aqu\u00ed<\/a> para leer la Gu\u00eda de Votantes de la Proposici\u00f3n 17 del Secretario de Estado.<\/h2>\n<\/div><\/div>\n<\/div><\/div><\/div>\n<\/div><\/div>\n<\/div><\/div><\/div>\n\n\n<style>#kt-layout-id_6bd66e-7f > .kt-row-column-wrap{align-content:start;}:where(#kt-layout-id_6bd66e-7f > .kt-row-column-wrap) > .wp-block-kadence-column{justify-content:start;}#kt-layout-id_6bd66e-7f > .kt-row-column-wrap{column-gap:var(--global-kb-gap-md, 2rem);row-gap:var(--global-kb-gap-md, 2rem);padding-top:var( --global-kb-row-default-top, 25px );padding-bottom:var( --global-kb-row-default-bottom, 25px );padding-top:var(--global-kb-spacing-sm, 1.5rem);padding-bottom:var(--global-kb-spacing-sm, 1.5rem);grid-template-columns:minmax(0, 2fr) minmax(0, 1fr);}#kt-layout-id_6bd66e-7f > .kt-row-layout-overlay{opacity:0.30;}#kt-layout-id_6bd66e-7f .kt-row-layout-bottom-sep{height:100px;}#kt-layout-id_6bd66e-7f .kt-row-layout-bottom-sep svg{width:100%;}#kt-layout-id_6bd66e-7f .kt-row-layout-bottom-sep svg{fill:#ffffff!important;}@media all and (max-width: 1024px){#kt-layout-id_6bd66e-7f > .kt-row-column-wrap{grid-template-columns:repeat(2, minmax(0, 1fr));}}@media all and (max-width: 1024px){#kt-layout-id_6bd66e-7f .kt-row-layout-bottom-sep{height:px;}}@media all and (max-width: 1024px){#kt-layout-id_6bd66e-7f .kt-row-layout-bottom-sep svg{width:%;}}@media all and (max-width: 767px){#kt-layout-id_6bd66e-7f > .kt-row-column-wrap{grid-template-columns:minmax(0, 1fr);}#kt-layout-id_6bd66e-7f .kt-row-layout-bottom-sep{height:px;}#kt-layout-id_6bd66e-7f .kt-row-layout-bottom-sep svg{width:%;}}<\/style>\n<div class=\"wp-block-kadence-rowlayout alignnone\"><div id=\"kt-layout-id_6bd66e-7f\" class=\"kt-row-layout-inner kt-layout-id_6bd66e-7f\"><div class=\"kt-row-column-wrap kt-has-2-columns kt-gutter-default kt-v-gutter-default kt-row-valign-top kt-row-layout-left-golden kt-tab-layout-inherit kt-m-colapse-left-to-right kt-mobile-layout-row\"><style>.kadence-column_6c3475-ff > .kt-inside-inner-col{border-top-width:0px;border-right-width:0px;border-bottom-width:0px;border-left-width:0px;}.kadence-column_6c3475-ff > .kt-inside-inner-col,.kadence-column_6c3475-ff > .kt-inside-inner-col:before{border-top-left-radius:0px;border-top-right-radius:0px;border-bottom-right-radius:0px;border-bottom-left-radius:0px;}.kadence-column_6c3475-ff > .kt-inside-inner-col{column-gap:var(--global-kb-gap-sm, 1rem);}.kadence-column_6c3475-ff > .kt-inside-inner-col{flex-direction:column;}.kadence-column_6c3475-ff > .kt-inside-inner-col > .aligncenter{width:100%;}.kadence-column_6c3475-ff > .kt-inside-inner-col:before{opacity:0.3;}.kadence-column_6c3475-ff{position:relative;}@media all and (max-width: 1024px){.kadence-column_6c3475-ff > .kt-inside-inner-col{flex-direction:column;}}@media all and (max-width: 767px){.kadence-column_6c3475-ff > .kt-inside-inner-col{flex-direction:column;}}<\/style>\n<div class=\"wp-block-kadence-column inner-column-1 kadence-column_6c3475-ff\"><div class=\"kt-inside-inner-col\">\n<p><em><em>Resuelto por la Assemblea, el Senado coincidiendo, <\/em>Que la Legislatura del Estado de California en su Sesi\u00f3n Regular 2019-20 que comienza en el tercer dia de December 2019, dos tercios de la membres\u00eda de cada c\u00e1mara coincidiendo, por la presente propone a la gente del Estado de California, que la Constituci\u00f3n del Estado se modifique como sigue:<\/em><\/p>\n\n\n\n<p>Primero &#8211; La secci\u00f3n 2 del Art\u00edculo II se modifica para que exprese lo siguiente:<\/p>\n\n\n\n<pre class=\"wp-block-preformatted\">SEC. 2. (a) Un ciudadano estadounidense de 18 a\u00f1os de edad y residente en este estado puede votar.\n<em>(b) A un elector privado del derecho de voto mientras cumple una pena en una prisi\u00f3n estatal o federal, como est\u00e1 descrito en la Secci\u00f3n 4, se le deber\u00e1 restaurar su derecho de voto al cumplir su pena de prisi\u00f3n.<\/em><\/pre>\n\n\n\n<p>Segundo \u2013 La secci\u00f3n 4 del Art\u00edculo II se modifica para que exprese lo siguiente:<\/p>\n\n\n\n<pre class=\"wp-block-preformatted\">SEC. 4. La Legislatura prohibir\u00e1 las pr\u00e1cticas inapropiadas que afectan las elecciones y dispondr\u00e1 la descalificaci\u00f3n de los electores mientras sean mentalmente incompetentes o<s> encarcelados o en libertad condicional<\/s> o cumpliendo una pena de<em> prisi\u00f3n estatal o federal<\/em> por la condena de un delito grave.<\/pre>\n<\/div><\/div>\n\n\n<style>.kadence-column_7b0a31-85 > .kt-inside-inner-col{border-top-width:0px;border-right-width:0px;border-bottom-width:0px;border-left-width:0px;}.kadence-column_7b0a31-85 > .kt-inside-inner-col{column-gap:var(--global-kb-gap-sm, 1rem);}.kadence-column_7b0a31-85 > .kt-inside-inner-col{flex-direction:column;}.kadence-column_7b0a31-85 > .kt-inside-inner-col > .aligncenter{width:100%;}.kadence-column_7b0a31-85 > .kt-inside-inner-col{background-color:#f5f5f5;}.kadence-column_7b0a31-85 > .kt-inside-inner-col:before{opacity:0.3;}.kadence-column_7b0a31-85{position:relative;}@media all and (max-width: 1024px){.kadence-column_7b0a31-85 > .kt-inside-inner-col{flex-direction:column;}}@media all and (max-width: 767px){.kadence-column_7b0a31-85 > .kt-inside-inner-col{flex-direction:column;}}<\/style>\n<div class=\"wp-block-kadence-column inner-column-2 kadence-column_7b0a31-85\"><div class=\"kt-inside-inner-col\" style=\"background:rgba(245, 245, 245, 1)\">\n<h3 class=\"has-text-align-center wp-block-heading\">RESUMEN DEL CONSEJO LEGISLATIVO<\/h3>\n\n\n\n<p class=\"has-text-align-center has-small-font-size\">La Constituci\u00f3n del Estado de California requiere que la Legislatura estipule la descalificaci\u00f3n de los electores mientras sean mentalmente incompetentes, encarcelados o en libertad condicional por la condena de un delito grave.&nbsp; La ley estatal existente tiene el prop\u00f3sito de determinar qui\u00e9n tiene derecho a registrarse para votar y define a los encarcelados como ellos quienes actualmente cumplen una pena de prisi\u00f3n estatal o federal.<\/p>\n\n\n\n<p class=\"has-text-align-center has-small-font-size\">En cambio, esta medida indicar\u00eda a la Legislatura que estipule la descalificaci\u00f3n de los electores que cumplen una pena de prisi\u00f3n estatal o federal por la condena de un delito grave. Esta medida tambi\u00e9n eliminar\u00eda el requisito de que la Legislatura estipule la descalificaci\u00f3n de los electores mientras est\u00e1n en libertad condicional por la condena de un delito grave. La medida proporcionar\u00e1 el restablecimiento del derecho al voto una vez finalizada la pena de prisi\u00f3n.<\/p>\n<\/div><\/div>\n<\/div><\/div><\/div>\n\n\n\n<div style=\"height:40px\" aria-hidden=\"true\" class=\"wp-block-spacer\"><\/div>\n","protected":false},"excerpt":{"rendered":"<p>LEA LA INICIATIVA Haga clic aqu\u00ed para leer la Gu\u00eda de Votantes de la Proposici\u00f3n 17 del Secretario de Estado. Resuelto por la Assemblea, el Senado coincidiendo, Que la Legislatura del Estado de California en su Sesi\u00f3n Regular 2019-20 que comienza en el tercer dia de December 2019, dos tercios de la membres\u00eda de cada&hellip;&nbsp;<a href=\"https:\/\/traceygeronimo.com\/yo17\/es\/lea-la-iniciativa\/\" class=\"\" rel=\"bookmark\">Read More &raquo;<span class=\"screen-reader-text\">Lea la iniciativa<\/span><\/a><\/p>\n","protected":false},"author":6,"featured_media":0,"parent":0,"menu_order":0,"comment_status":"closed","ping_status":"closed","template":"","meta":{"footnotes":""},"_links":{"self":[{"href":"https:\/\/traceygeronimo.com\/yo17\/wp-json\/wp\/v2\/pages\/2708"}],"collection":[{"href":"https:\/\/traceygeronimo.com\/yo17\/wp-json\/wp\/v2\/pages"}],"about":[{"href":"https:\/\/traceygeronimo.com\/yo17\/wp-json\/wp\/v2\/types\/page"}],"author":[{"embeddable":true,"href":"https:\/\/traceygeronimo.com\/yo17\/wp-json\/wp\/v2\/users\/6"}],"replies":[{"embeddable":true,"href":"https:\/\/traceygeronimo.com\/yo17\/wp-json\/wp\/v2\/comments?post=2708"}],"version-history":[{"count":3,"href":"https:\/\/traceygeronimo.com\/yo17\/wp-json\/wp\/v2\/pages\/2708\/revisions"}],"predecessor-version":[{"id":3290,"href":"https:\/\/traceygeronimo.com\/yo17\/wp-json\/wp\/v2\/pages\/2708\/revisions\/3290"}],"wp:attachment":[{"href":"https:\/\/traceygeronimo.com\/yo17\/wp-json\/wp\/v2\/media?parent=2708"}],"curies":[{"name":"wp","href":"https:\/\/api.w.org\/{rel}","templated":true}]}}